
{"id":953,"date":"2025-03-13T14:28:41","date_gmt":"2025-03-13T14:28:41","guid":{"rendered":"https:\/\/greenyellow-sparrow-555409.hostingersite.com\/marque-privee\/"},"modified":"2025-09-02T20:29:23","modified_gmt":"2025-09-02T20:29:23","slug":"private-label","status":"publish","type":"page","link":"https:\/\/intersand.com\/us\/private-label\/","title":{"rendered":"Private Label"},"content":{"rendered":"","protected":false},"excerpt":{"rendered":"","protected":false},"author":2,"featured_media":523,"parent":0,"menu_order":0,"comment_status":"closed","ping_status":"closed","template":"tpl-marque.php","meta":{"_acf_changed":false,"footnotes":""},"class_list":["post-953","page","type-page","status-publish","has-post-thumbnail","hentry"],"acf":[],"yoast_head":"<!-- This site is optimized with the Yoast SEO plugin v27.4 - https:\/\/yoast.com\/product\/yoast-seo-wordpress\/ -->\n<title>Create Your Private Label Cat Litter | Intersand<\/title>\n<meta name=\"description\" content=\"Cr\u00e9ez votre marque de liti\u00e8re pour chats avec Intersand. Solutions de marque priv\u00e9e sur mesure, qualit\u00e9 et innovation garanties.\" \/>\n<meta name=\"robots\" content=\"index, follow, max-snippet:-1, max-image-preview:large, max-video-preview:-1\" \/>\n<link rel=\"canonical\" href=\"https:\/\/intersand.com\/us\/private-label\/\" \/>\n<meta property=\"og:locale\" content=\"en_US\" \/>\n<meta property=\"og:type\" content=\"article\" \/>\n<meta property=\"og:title\" content=\"Create Your Private Label Cat Litter | Intersand\" \/>\n<meta property=\"og:description\" content=\"Cr\u00e9ez votre marque de liti\u00e8re pour chats avec Intersand. Solutions de marque priv\u00e9e sur mesure, qualit\u00e9 et innovation garanties.\" \/>\n<meta property=\"og:url\" content=\"https:\/\/intersand.com\/us\/private-label\/\" \/>\n<meta property=\"og:site_name\" content=\"Intersand\" \/>\n<meta property=\"article:modified_time\" content=\"2025-09-02T20:29:23+00:00\" \/>\n<meta property=\"og:image\" content=\"https:\/\/intersand.com\/wp-content\/uploads\/2025\/04\/Private_label_cat_1-1.jpg\" \/>\n\t<meta property=\"og:image:width\" content=\"1440\" \/>\n\t<meta property=\"og:image:height\" content=\"473\" \/>\n\t<meta property=\"og:image:type\" content=\"image\/jpeg\" \/>\n<meta name=\"twitter:card\" content=\"summary_large_image\" \/>\n<meta name=\"twitter:label1\" content=\"Est. reading time\" \/>\n\t<meta name=\"twitter:data1\" content=\"1 minute\" \/>\n<script type=\"application\/ld+json\" class=\"yoast-schema-graph\">{\"@context\":\"https:\\\/\\\/schema.org\",\"@graph\":[{\"@type\":\"WebPage\",\"@id\":\"https:\\\/\\\/intersand.com\\\/us\\\/private-label\\\/\",\"url\":\"https:\\\/\\\/intersand.com\\\/us\\\/private-label\\\/\",\"name\":\"Create Your Private Label Cat Litter | Intersand\",\"isPartOf\":{\"@id\":\"https:\\\/\\\/intersand.com\\\/us\\\/#website\"},\"primaryImageOfPage\":{\"@id\":\"https:\\\/\\\/intersand.com\\\/us\\\/private-label\\\/#primaryimage\"},\"image\":{\"@id\":\"https:\\\/\\\/intersand.com\\\/us\\\/private-label\\\/#primaryimage\"},\"thumbnailUrl\":\"https:\\\/\\\/intersand.com\\\/wp-content\\\/uploads\\\/2025\\\/04\\\/Private_label_cat_1-1.jpg\",\"datePublished\":\"2025-03-13T14:28:41+00:00\",\"dateModified\":\"2025-09-02T20:29:23+00:00\",\"description\":\"Cr\u00e9ez votre marque de liti\u00e8re pour chats avec Intersand. Solutions de marque priv\u00e9e sur mesure, qualit\u00e9 et innovation garanties.\",\"breadcrumb\":{\"@id\":\"https:\\\/\\\/intersand.com\\\/us\\\/private-label\\\/#breadcrumb\"},\"inLanguage\":\"en-US\",\"potentialAction\":[{\"@type\":\"ReadAction\",\"target\":[\"https:\\\/\\\/intersand.com\\\/us\\\/private-label\\\/\"]}]},{\"@type\":\"ImageObject\",\"inLanguage\":\"en-US\",\"@id\":\"https:\\\/\\\/intersand.com\\\/us\\\/private-label\\\/#primaryimage\",\"url\":\"https:\\\/\\\/intersand.com\\\/wp-content\\\/uploads\\\/2025\\\/04\\\/Private_label_cat_1-1.jpg\",\"contentUrl\":\"https:\\\/\\\/intersand.com\\\/wp-content\\\/uploads\\\/2025\\\/04\\\/Private_label_cat_1-1.jpg\",\"width\":1440,\"height\":473},{\"@type\":\"BreadcrumbList\",\"@id\":\"https:\\\/\\\/intersand.com\\\/us\\\/private-label\\\/#breadcrumb\",\"itemListElement\":[{\"@type\":\"ListItem\",\"position\":1,\"name\":\"Home\",\"item\":\"https:\\\/\\\/intersand.com\\\/us\\\/\"},{\"@type\":\"ListItem\",\"position\":2,\"name\":\"Private Label\"}]},{\"@type\":\"WebSite\",\"@id\":\"https:\\\/\\\/intersand.com\\\/us\\\/#website\",\"url\":\"https:\\\/\\\/intersand.com\\\/us\\\/\",\"name\":\"Intersand\",\"description\":\"Liti&egrave;res agglom&eacute;rantes et innovantes pour chat\",\"publisher\":{\"@id\":\"https:\\\/\\\/intersand.com\\\/us\\\/#organization\"},\"potentialAction\":[{\"@type\":\"SearchAction\",\"target\":{\"@type\":\"EntryPoint\",\"urlTemplate\":\"https:\\\/\\\/intersand.com\\\/us\\\/?s={search_term_string}\"},\"query-input\":{\"@type\":\"PropertyValueSpecification\",\"valueRequired\":true,\"valueName\":\"search_term_string\"}}],\"inLanguage\":\"en-US\"},{\"@type\":\"Organization\",\"@id\":\"https:\\\/\\\/intersand.com\\\/us\\\/#organization\",\"name\":\"Intersand\",\"url\":\"https:\\\/\\\/intersand.com\\\/us\\\/\",\"logo\":{\"@type\":\"ImageObject\",\"inLanguage\":\"en-US\",\"@id\":\"https:\\\/\\\/intersand.com\\\/us\\\/#\\\/schema\\\/logo\\\/image\\\/\",\"url\":\"https:\\\/\\\/intersand.com\\\/wp-content\\\/uploads\\\/2025\\\/05\\\/logo-1.png\",\"contentUrl\":\"https:\\\/\\\/intersand.com\\\/wp-content\\\/uploads\\\/2025\\\/05\\\/logo-1.png\",\"width\":1138,\"height\":447,\"caption\":\"Intersand\"},\"image\":{\"@id\":\"https:\\\/\\\/intersand.com\\\/us\\\/#\\\/schema\\\/logo\\\/image\\\/\"}}]}<\/script>\n<!-- \/ Yoast SEO plugin. -->","yoast_head_json":{"title":"Create Your Private Label Cat Litter | Intersand","description":"Cr\u00e9ez votre marque de liti\u00e8re pour chats avec Intersand. Solutions de marque priv\u00e9e sur mesure, qualit\u00e9 et innovation garanties.","robots":{"index":"index","follow":"follow","max-snippet":"max-snippet:-1","max-image-preview":"max-image-preview:large","max-video-preview":"max-video-preview:-1"},"canonical":"https:\/\/intersand.com\/us\/private-label\/","og_locale":"en_US","og_type":"article","og_title":"Create Your Private Label Cat Litter | Intersand","og_description":"Cr\u00e9ez votre marque de liti\u00e8re pour chats avec Intersand. Solutions de marque priv\u00e9e sur mesure, qualit\u00e9 et innovation garanties.","og_url":"https:\/\/intersand.com\/us\/private-label\/","og_site_name":"Intersand","article_modified_time":"2025-09-02T20:29:23+00:00","og_image":[{"width":1440,"height":473,"url":"https:\/\/intersand.com\/wp-content\/uploads\/2025\/04\/Private_label_cat_1-1.jpg","type":"image\/jpeg"}],"twitter_card":"summary_large_image","twitter_misc":{"Est. reading time":"1 minute"},"schema":{"@context":"https:\/\/schema.org","@graph":[{"@type":"WebPage","@id":"https:\/\/intersand.com\/us\/private-label\/","url":"https:\/\/intersand.com\/us\/private-label\/","name":"Create Your Private Label Cat Litter | Intersand","isPartOf":{"@id":"https:\/\/intersand.com\/us\/#website"},"primaryImageOfPage":{"@id":"https:\/\/intersand.com\/us\/private-label\/#primaryimage"},"image":{"@id":"https:\/\/intersand.com\/us\/private-label\/#primaryimage"},"thumbnailUrl":"https:\/\/intersand.com\/wp-content\/uploads\/2025\/04\/Private_label_cat_1-1.jpg","datePublished":"2025-03-13T14:28:41+00:00","dateModified":"2025-09-02T20:29:23+00:00","description":"Cr\u00e9ez votre marque de liti\u00e8re pour chats avec Intersand. Solutions de marque priv\u00e9e sur mesure, qualit\u00e9 et innovation garanties.","breadcrumb":{"@id":"https:\/\/intersand.com\/us\/private-label\/#breadcrumb"},"inLanguage":"en-US","potentialAction":[{"@type":"ReadAction","target":["https:\/\/intersand.com\/us\/private-label\/"]}]},{"@type":"ImageObject","inLanguage":"en-US","@id":"https:\/\/intersand.com\/us\/private-label\/#primaryimage","url":"https:\/\/intersand.com\/wp-content\/uploads\/2025\/04\/Private_label_cat_1-1.jpg","contentUrl":"https:\/\/intersand.com\/wp-content\/uploads\/2025\/04\/Private_label_cat_1-1.jpg","width":1440,"height":473},{"@type":"BreadcrumbList","@id":"https:\/\/intersand.com\/us\/private-label\/#breadcrumb","itemListElement":[{"@type":"ListItem","position":1,"name":"Home","item":"https:\/\/intersand.com\/us\/"},{"@type":"ListItem","position":2,"name":"Private Label"}]},{"@type":"WebSite","@id":"https:\/\/intersand.com\/us\/#website","url":"https:\/\/intersand.com\/us\/","name":"Intersand","description":"Liti&egrave;res agglom&eacute;rantes et innovantes pour chat","publisher":{"@id":"https:\/\/intersand.com\/us\/#organization"},"potentialAction":[{"@type":"SearchAction","target":{"@type":"EntryPoint","urlTemplate":"https:\/\/intersand.com\/us\/?s={search_term_string}"},"query-input":{"@type":"PropertyValueSpecification","valueRequired":true,"valueName":"search_term_string"}}],"inLanguage":"en-US"},{"@type":"Organization","@id":"https:\/\/intersand.com\/us\/#organization","name":"Intersand","url":"https:\/\/intersand.com\/us\/","logo":{"@type":"ImageObject","inLanguage":"en-US","@id":"https:\/\/intersand.com\/us\/#\/schema\/logo\/image\/","url":"https:\/\/intersand.com\/wp-content\/uploads\/2025\/05\/logo-1.png","contentUrl":"https:\/\/intersand.com\/wp-content\/uploads\/2025\/05\/logo-1.png","width":1138,"height":447,"caption":"Intersand"},"image":{"@id":"https:\/\/intersand.com\/us\/#\/schema\/logo\/image\/"}}]}},"_links":{"self":[{"href":"https:\/\/intersand.com\/us\/wp-json\/wp\/v2\/pages\/953","targetHints":{"allow":["GET"]}}],"collection":[{"href":"https:\/\/intersand.com\/us\/wp-json\/wp\/v2\/pages"}],"about":[{"href":"https:\/\/intersand.com\/us\/wp-json\/wp\/v2\/types\/page"}],"author":[{"embeddable":true,"href":"https:\/\/intersand.com\/us\/wp-json\/wp\/v2\/users\/2"}],"replies":[{"embeddable":true,"href":"https:\/\/intersand.com\/us\/wp-json\/wp\/v2\/comments?post=953"}],"version-history":[{"count":15,"href":"https:\/\/intersand.com\/us\/wp-json\/wp\/v2\/pages\/953\/revisions"}],"predecessor-version":[{"id":1787,"href":"https:\/\/intersand.com\/us\/wp-json\/wp\/v2\/pages\/953\/revisions\/1787"}],"wp:featuredmedia":[{"embeddable":true,"href":"https:\/\/intersand.com\/us\/wp-json\/wp\/v2\/media\/523"}],"wp:attachment":[{"href":"https:\/\/intersand.com\/us\/wp-json\/wp\/v2\/media?parent=953"}],"curies":[{"name":"wp","href":"https:\/\/api.w.org\/{rel}","templated":true}]}}